{"id":10,"date":"2018-12-28T15:52:16","date_gmt":"2018-12-28T08:52:16","guid":{"rendered":"https:\/\/promtc.com\/Promtc\/?page_id=10"},"modified":"2019-05-29T11:32:32","modified_gmt":"2019-05-29T04:32:32","slug":"nhiet-ke-dien-tu","status":"publish","type":"page","link":"https:\/\/promtc.com\/Promtc\/nhiet-ke-dien-tu\/","title":{"rendered":"Nhi\u1ec7t K\u1ebf \u0110i\u1ec7n T\u1eed"},"content":{"rendered":"\n<h1 class=\"wp-block-heading\" style=\"text-align:left\"><strong><a href=\"https:\/\/promtc.com\/Promtc\/modem-mtg119\/\">Nhi\u1ec7t k\u1ebf \u0111i\u1ec7n t\u1eed<\/a><\/strong><\/h1>\n\n\n\n<div class=\"wp-block-button\"><a class=\"wp-block-button__link has-text-color has-background\" href=\"https:\/\/promtc.com\/Promtc\/modem-mtg119\/\" style=\"background-color:#66dd00;color:#0066bb\">PROMTC MT-G119 <\/a><\/div>\n\n\n\n<div class=\"wp-block-media-text alignwide\" style=\"grid-template-columns:36% auto\"><figure class=\"wp-block-media-text__media\"><img loading=\"lazy\" decoding=\"async\" width=\"1024\" height=\"772\" src=\"https:\/\/promtc.com\/Promtc\/wp-content\/uploads\/2018\/12\/MT-G119-1024x772.jpg\" alt=\"\" class=\"wp-image-42\" srcset=\"https:\/\/promtc.com\/Promtc\/wp-content\/uploads\/2018\/12\/MT-G119-1024x772.jpg 1024w, https:\/\/promtc.com\/Promtc\/wp-content\/uploads\/2018\/12\/MT-G119-300x226.jpg 300w, https:\/\/promtc.com\/Promtc\/wp-content\/uploads\/2018\/12\/MT-G119-768x579.jpg 768w, https:\/\/promtc.com\/Promtc\/wp-content\/uploads\/2018\/12\/MT-G119.jpg 1126w\" sizes=\"auto, (max-width: 1024px) 100vw, 1024px\" \/><\/figure><div class=\"wp-block-media-text__content\">\n<ul class=\"wp-block-list\"><li>\u0110\u1ea7u d\u1ebbo, \u0111o nhanh 20 gi\u00e2y<\/li><li>M\u00e0n h\u00ecnh LCD r\u1ed9ng, hi\u1ec3n th\u1ecb k\u1ebft qu\u1ea3 tr\u00ean m\u00e0n h\u00ecnh r\u00f5 r\u00e0ng, d\u1ec5 \u0111\u1ecdc<\/li><li>B\u00e1o hi\u1ec7u b\u1eb1ng ti\u1ebfng bip khi ch\u1ed1t k\u1ebft qu\u1ea3<\/li><li>L\u01b0u k\u1ebft qu\u1ea3 \u0111o l\u1ea7n tr\u01b0\u1edbc<\/li><li>Hi\u1ec3n th\u1ecb pin y\u1ebfu<\/li><li>Thay th\u1ebf pin \u0111\u01b0\u1ee3c<\/li><li>Ph\u1ea1m vi \u0111o 32<sup>o<\/sup>C \u0111\u1ebfn 42,9<sup>o<\/sup>C<\/li><li>\u0110\u1ed9 ch\u00ednh x\u00e1c cao: \u00b1 0.1\u00b0C<\/li><li>T\u1ef1 \u0111\u1ed9ng t\u1eaft m\u00e1y<\/li><\/ul>\n<\/div><\/div>\n\n\n\n<hr class=\"wp-block-separator is-style-dots\"\/>\n\n\n\n<hr class=\"wp-block-separator is-style-default\"\/>\n\n\n\n<h1 class=\"wp-block-heading\" style=\"text-align:left\"><strong><a href=\"https:\/\/promtc.com\/Promtc\/modem-mtg19\/\">Nhi\u1ec7t k\u1ebf \u0111i\u1ec7n t\u1eed<\/a><\/strong><\/h1>\n\n\n\n<div class=\"wp-block-button\"><a class=\"wp-block-button__link has-text-color has-background\" href=\"https:\/\/promtc.com\/Promtc\/modem-mtg19\/\" style=\"background-color:#66dd00;color:#0066bb\">PROMTC MT-G19 <\/a><\/div>\n\n\n\n<div class=\"wp-block-media-text alignwide\" style=\"grid-template-columns:36% auto\"><figure class=\"wp-block-media-text__media\"><img loading=\"lazy\" decoding=\"async\" width=\"788\" height=\"593\" src=\"https:\/\/promtc.com\/Promtc\/wp-content\/uploads\/2018\/12\/MT-G19.jpg\" alt=\"\" class=\"wp-image-41\" srcset=\"https:\/\/promtc.com\/Promtc\/wp-content\/uploads\/2018\/12\/MT-G19.jpg 788w, https:\/\/promtc.com\/Promtc\/wp-content\/uploads\/2018\/12\/MT-G19-300x226.jpg 300w, https:\/\/promtc.com\/Promtc\/wp-content\/uploads\/2018\/12\/MT-G19-768x578.jpg 768w\" sizes=\"auto, (max-width: 788px) 100vw, 788px\" \/><\/figure><div class=\"wp-block-media-text__content\">\n<ul class=\"wp-block-list\"><li> \u0110\u1ea7u d\u1ebbo, \u0111o nhanh 10 gi\u00e2y<\/li><li>M\u00e0n h\u00ecnh LCD r\u1ed9ng, hi\u1ec3n th\u1ecb k\u1ebft qu\u1ea3 tr\u00ean m\u00e0n h\u00ecnh r\u00f5 r\u00e0ng, d\u1ec5 \u0111\u1ecdc<\/li><li>B\u00e1o hi\u1ec7u b\u1eb1ng ti\u1ebfng bip khi ch\u1ed1t k\u1ebft qu\u1ea3<\/li><li>L\u01b0u k\u1ebft qu\u1ea3 \u0111o l\u1ea7n tr\u01b0\u1edbc<\/li><li>Hi\u1ec3n th\u1ecb pin y\u1ebfu<\/li><li>Thay th\u1ebf pin \u0111\u01b0\u1ee3c<\/li><li>Ph\u1ea1m vi \u0111o 32<sup>o<\/sup>C \u0111\u1ebfn 42,9<sup>o<\/sup>C<\/li><li>\u0110\u1ed9 ch\u00ednh x\u00e1c cao: \u00b1 0.01\u00b0C<\/li><li>T\u1ef1 \u0111\u1ed9ng t\u1eaft m\u00e1y <\/li><\/ul>\n<\/div><\/div>\n\n\n\n<hr class=\"wp-block-separator is-style-dots\"\/>\n\n\n\n<hr class=\"wp-block-separator is-style-default\"\/>\n\n\n\n<h1 class=\"wp-block-heading\" style=\"text-align:left\"><strong><a href=\"https:\/\/promtc.com\/Promtc\/modem-mt118\/\">Nhi\u1ec7t k\u1ebf \u0111i\u1ec7n t\u1eed<\/a><\/strong><\/h1>\n\n\n\n<div class=\"wp-block-button\"><a class=\"wp-block-button__link has-text-color has-background\" href=\"https:\/\/promtc.com\/Promtc\/modem-mt118\/\" style=\"background-color:#66dd00;color:#0066bb\">PROMTC MT-118<\/a><\/div>\n\n\n\n<div class=\"wp-block-media-text alignwide\" style=\"grid-template-columns:36% auto\"><figure class=\"wp-block-media-text__media\"><img loading=\"lazy\" decoding=\"async\" width=\"801\" height=\"607\" src=\"https:\/\/promtc.com\/Promtc\/wp-content\/uploads\/2018\/12\/MT-118.jpg\" alt=\"\" class=\"wp-image-40\" srcset=\"https:\/\/promtc.com\/Promtc\/wp-content\/uploads\/2018\/12\/MT-118.jpg 801w, https:\/\/promtc.com\/Promtc\/wp-content\/uploads\/2018\/12\/MT-118-300x227.jpg 300w, https:\/\/promtc.com\/Promtc\/wp-content\/uploads\/2018\/12\/MT-118-768x582.jpg 768w\" sizes=\"auto, (max-width: 801px) 100vw, 801px\" \/><\/figure><div class=\"wp-block-media-text__content\">\n<ul class=\"wp-block-list\"><li> \u0110\u1ea7u c\u1ee9ng, th\u1eddi gian \u0111o 60 gi\u00e2y<\/li><li>B\u00e1o hi\u1ec7u b\u1eb1ng ti\u1ebfng bip khi ch\u1ed1t k\u1ebft qu\u1ea3<\/li><li>Hi\u1ec3n th\u1ecb pin y\u1ebfu<\/li><li>Thay th\u1ebf pin \u0111\u01b0\u1ee3c<\/li><li>Ph\u1ea1m vi \u0111o 32<sup>o<\/sup>C \u0111\u1ebfn 42,9<sup>o<\/sup>C<\/li><li>\u0110\u1ed9 ch\u00ednh x\u00e1c cao: \u00b1 0.1\u00b0C<\/li><li>T\u1ef1 \u0111\u1ed9ng t\u1eaft m\u00e1y <\/li><\/ul>\n<\/div><\/div>\n\n\n\n<hr class=\"wp-block-separator is-style-dots\"\/>\n","protected":false},"excerpt":{"rendered":"<p>Nhi\u1ec7t k\u1ebf \u0111i\u1ec7n t\u1eed \u0110\u1ea7u d\u1ebbo, \u0111o nhanh 20 gi\u00e2y M\u00e0n h\u00ecnh LCD r\u1ed9ng, hi\u1ec3n th\u1ecb k\u1ebft qu\u1ea3 tr\u00ean m\u00e0n h\u00ecnh r\u00f5 r\u00e0ng, d\u1ec5 \u0111\u1ecdc B\u00e1o hi\u1ec7u b\u1eb1ng ti\u1ebfng bip khi ch\u1ed1t k\u1ebft qu\u1ea3 L\u01b0u k\u1ebft qu\u1ea3 \u0111o l\u1ea7n tr\u01b0\u1edbc Hi\u1ec3n th\u1ecb pin y\u1ebfu Thay th\u1ebf pin \u0111\u01b0\u1ee3c Ph\u1ea1m vi \u0111o 32oC \u0111\u1ebfn 42,9oC \u0110\u1ed9 [&hellip;]<\/p>\n","protected":false},"author":1,"featured_media":0,"parent":0,"menu_order":0,"comment_status":"closed","ping_status":"closed","template":"","meta":{"footnotes":""},"class_list":["post-10","page","type-page","status-publish","hentry"],"_links":{"self":[{"href":"https:\/\/promtc.com\/Promtc\/wp-json\/wp\/v2\/pages\/10","targetHints":{"allow":["GET"]}}],"collection":[{"href":"https:\/\/promtc.com\/Promtc\/wp-json\/wp\/v2\/pages"}],"about":[{"href":"https:\/\/promtc.com\/Promtc\/wp-json\/wp\/v2\/types\/page"}],"author":[{"embeddable":true,"href":"https:\/\/promtc.com\/Promtc\/wp-json\/wp\/v2\/users\/1"}],"replies":[{"embeddable":true,"href":"https:\/\/promtc.com\/Promtc\/wp-json\/wp\/v2\/comments?post=10"}],"version-history":[{"count":6,"href":"https:\/\/promtc.com\/Promtc\/wp-json\/wp\/v2\/pages\/10\/revisions"}],"predecessor-version":[{"id":348,"href":"https:\/\/promtc.com\/Promtc\/wp-json\/wp\/v2\/pages\/10\/revisions\/348"}],"wp:attachment":[{"href":"https:\/\/promtc.com\/Promtc\/wp-json\/wp\/v2\/media?parent=10"}],"curies":[{"name":"wp","href":"https:\/\/api.w.org\/{rel}","templated":true}]}}